{"id":1494,"date":"2019-05-13T00:15:15","date_gmt":"2019-05-12T22:15:15","guid":{"rendered":"http:\/\/www.velikaplanina.si\/cultural-and-natural-sights\/sights-in-kamniska-bistrica-valley\/"},"modified":"2024-02-27T11:45:43","modified_gmt":"2024-02-27T10:45:43","slug":"sights-in-kamniska-bistrica-valley","status":"publish","type":"page","link":"https:\/\/www.velikaplanina.si\/en\/cultural-and-natural-sights\/sights-in-kamniska-bistrica-valley\/","title":{"rendered":"Sights in Kamni\u0161ka Bistrica valley"},"content":{"rendered":"<div class=\"wpb-content-wrapper\"><p>[vc_row][vc_column][vc_video link=&#8221;https:\/\/www.youtube.com\/watch?v=pObRSiKj7HE&#8221; align=&#8221;center&#8221; css_animation=&#8221;fadeIn&#8221;][\/vc_column][\/vc_row][vc_row][vc_column][vc_btn title=&#8221;MAP AND SIGHTS IN KAMNI\u0160KA BISTRICA VALLEY&#8221; style=&#8221;outline&#8221; shape=&#8221;square&#8221; color=&#8221;success&#8221; link=&#8221;url:http%3A%2F%2Fwww.velikaplanina.si%2Fwp-content%2Fuploads%2F2024%2F02%2FDediscina-zgornje-doline.pdf|&#8221;][vc_column_text]<\/p>\n<h3>Sights in Kamni\u0161ka Bistrica valley<\/h3>\n<h4>Spring of Kamni\u0161ka Bistrica river<\/h4>\n<p>The river Kamni\u0161ka Bistrica rises from three places, but the most known is its major source which is located near the\u00a0<a href=\"http:\/\/www.velikaplanina.si\/Food-and-lodging\/Lodging-and-food-in-the-valley-of-the-river-Kamnika-Bistrica\">lodging house Dom in Kamni\u0161ka Bistrica<\/a>. The water springs from the moss-grown rocks and then stops for a short period of time in the artificial lake. The lake presents the most pleasant refreshment to all who like to sit near the river\u2019s source, particularly during the summer time.<\/p>\n<h4><strong>Predaselj gorge<\/strong><\/h4>\n<p>The gorges Veliki Predaselj and Mali Predaselj present the narrowest part of the riverbed of the Kamni\u0161ka Bistrica. They are located a short kilometre before the lodging house Dom in Kamni\u0161ka Bistrica. A few minute walk along the gorge opens a beautiful view on the riverbed and the pure colour of the river. The gorge Veliki Predaselj is <strong>30m deep at its deepest<\/strong>, and Mali Predaselj 15m.<\/p>\n<h4><strong>Ple\u010dnik\u2019s mansion<\/strong><\/h4>\n<p>The mansion is located only few hundred metres away from the source of the Kamni\u0161ka Bistrica. It was built by the order of the Royal Court. Its original name is The Royal Hunting lodge of the King Alexander. The plans for the mansion were made by the <strong>architect Jo\u017ee Ple\u010dnik<\/strong>, who wanted to include the mansion in the environment by its simple exterior and richer interior. Mansion you can see only from outside.<\/p>\n<h4><strong>Memorial park<\/strong><\/h4>\n<p>A short kilometre away from Dom in Kamni\u0161ka Bistrica is located a memorial park, which includes the memorial tablets of all casualties in The Alps. The park was <strong>established in 1970\u2019s<\/strong>\u00a0on the initiative of The Kamnik Alpine Association, who are today also guardians of the park.<\/p>\n<h4><strong>Orglice waterfall<\/strong><\/h4>\n<p>Orglice waterfall is known as one of the <strong>most beautiful waterfalls<\/strong>\u00a0in the valley of Kamni\u0161ka Bistrica. It was allegedly given the name after the eagles which nest in the valley of Kamni\u0161ka Bela. According to the sayings of others, the waterfall makes the sound of someone playing harmonica during the great amount of water. The waterfall is 30m high. The entry is from Predbela, at the starting point for Ojstrica.[\/vc_column_text][\/vc_column][\/vc_row][vc_row][vc_column]<style type=\"text\/css\" data-type=\"the7_shortcodes-inline-css\">.gallery-shortcode.gallery-masonry-shortcode-id-6d45a9bd56f37d1800ef6bf54c9b14e0 figure,\n.gallery-shortcode.gallery-masonry-shortcode-id-6d45a9bd56f37d1800ef6bf54c9b14e0 .rollover,\n.gallery-shortcode.gallery-masonry-shortcode-id-6d45a9bd56f37d1800ef6bf54c9b14e0 img,\n.gallery-shortcode.gallery-masonry-shortcode-id-6d45a9bd56f37d1800ef6bf54c9b14e0 .gallery-rollover {\n  border-radius: 0px;\n}\n.gallery-shortcode.gallery-masonry-shortcode-id-6d45a9bd56f37d1800ef6bf54c9b14e0.enable-bg-rollover .gallery-rollover {\n  background: -webkit-linear-gradient();\n  background: linear-gradient();\n}\n.gallery-shortcode.gallery-masonry-shortcode-id-6d45a9bd56f37d1800ef6bf54c9b14e0.enable-bg-rollover.hover-scale figure .rollover:after {\n  background: -webkit-linear-gradient();\n  background: linear-gradient();\n}\n.gallery-shortcode.gallery-masonry-shortcode-id-6d45a9bd56f37d1800ef6bf54c9b14e0 .gallery-zoom-ico {\n  width: 44px;\n  height: 44px;\n  line-height: 44px;\n  border-radius: 100px;\n  margin: -22px 0 0 -22px;\n  border-width: 0px;\n  color: #ffffff;\n}\n.dt-icon-bg-on.gallery-shortcode.gallery-masonry-shortcode-id-6d45a9bd56f37d1800ef6bf54c9b14e0 .gallery-zoom-ico {\n  background: rgba(255,255,255,0.3);\n  box-shadow: none;\n}\n.gallery-shortcode.gallery-masonry-shortcode-id-6d45a9bd56f37d1800ef6bf54c9b14e0 .gallery-zoom-ico:before,\n.gallery-shortcode.gallery-masonry-shortcode-id-6d45a9bd56f37d1800ef6bf54c9b14e0 .gallery-zoom-ico span {\n  font-size: 32px;\n  line-height: 44px;\n  color: #ffffff;\n}\n.gallery-shortcode.gallery-masonry-shortcode-id-6d45a9bd56f37d1800ef6bf54c9b14e0:not(.resize-by-browser-width) .dt-css-grid {\n  grid-row-gap: 10px;\n  grid-column-gap: 10px;\n  grid-template-columns: repeat(auto-fill,minmax(,1fr));\n}\n.gallery-shortcode.gallery-masonry-shortcode-id-6d45a9bd56f37d1800ef6bf54c9b14e0:not(.resize-by-browser-width) .dt-css-grid .double-width {\n  grid-column: span 2;\n}\n.cssgridlegacy.no-cssgrid .gallery-shortcode.gallery-masonry-shortcode-id-6d45a9bd56f37d1800ef6bf54c9b14e0:not(.resize-by-browser-width) .dt-css-grid,\n.no-cssgridlegacy.no-cssgrid .gallery-shortcode.gallery-masonry-shortcode-id-6d45a9bd56f37d1800ef6bf54c9b14e0:not(.resize-by-browser-width) .dt-css-grid {\n  display: flex;\n  flex-flow: row wrap;\n  margin: -5px;\n}\n.cssgridlegacy.no-cssgrid .gallery-shortcode.gallery-masonry-shortcode-id-6d45a9bd56f37d1800ef6bf54c9b14e0:not(.resize-by-browser-width) .dt-css-grid .wf-cell,\n.no-cssgridlegacy.no-cssgrid .gallery-shortcode.gallery-masonry-shortcode-id-6d45a9bd56f37d1800ef6bf54c9b14e0:not(.resize-by-browser-width) .dt-css-grid .wf-cell {\n  flex: 1 0 ;\n  max-width: 100%;\n  padding: 5px;\n  box-sizing: border-box;\n}\n.gallery-shortcode.gallery-masonry-shortcode-id-6d45a9bd56f37d1800ef6bf54c9b14e0.resize-by-browser-width .dt-css-grid {\n  grid-template-columns: repeat(6,1fr);\n  grid-template-rows: auto;\n  grid-column-gap: 10px;\n  grid-row-gap: 10px;\n}\n.gallery-shortcode.gallery-masonry-shortcode-id-6d45a9bd56f37d1800ef6bf54c9b14e0.resize-by-browser-width .dt-css-grid .double-width {\n  grid-column: span 2;\n}\n.cssgridlegacy.no-cssgrid .gallery-shortcode.gallery-masonry-shortcode-id-6d45a9bd56f37d1800ef6bf54c9b14e0.resize-by-browser-width .dt-css-grid {\n  margin: -5px;\n}\n.cssgridlegacy.no-cssgrid .gallery-shortcode.gallery-masonry-shortcode-id-6d45a9bd56f37d1800ef6bf54c9b14e0.resize-by-browser-width .dt-css-grid .wf-cell {\n  width: 16.666666666667%;\n  padding: 5px;\n}\n.cssgridlegacy.no-cssgrid .gallery-shortcode.gallery-masonry-shortcode-id-6d45a9bd56f37d1800ef6bf54c9b14e0.resize-by-browser-width .dt-css-grid .wf-cell.double-width {\n  width: calc(16.666666666667%) * 2;\n}\n.gallery-shortcode.gallery-masonry-shortcode-id-6d45a9bd56f37d1800ef6bf54c9b14e0.resize-by-browser-width:not(.centered-layout-list):not(.content-bg-on) .dt-css-grid {\n  grid-row-gap: 10px - ;\n}\n@media screen and (max-width: 1199px) {\n  .gallery-shortcode.gallery-masonry-shortcode-id-6d45a9bd56f37d1800ef6bf54c9b14e0.resize-by-browser-width .dt-css-grid {\n    grid-template-columns: repeat(4,1fr);\n  }\n  .cssgridlegacy.no-cssgrid .gallery-shortcode.gallery-masonry-shortcode-id-6d45a9bd56f37d1800ef6bf54c9b14e0.resize-by-browser-width .dt-css-grid .wf-cell,\n  .no-cssgridlegacy.no-cssgrid .gallery-shortcode.gallery-masonry-shortcode-id-6d45a9bd56f37d1800ef6bf54c9b14e0.resize-by-browser-width .dt-css-grid .wf-cell {\n    width: 25%;\n  }\n  .cssgridlegacy.no-cssgrid .gallery-shortcode.gallery-masonry-shortcode-id-6d45a9bd56f37d1800ef6bf54c9b14e0.resize-by-browser-width .dt-css-grid .wf-cell.double-width,\n  .no-cssgridlegacy.no-cssgrid .gallery-shortcode.gallery-masonry-shortcode-id-6d45a9bd56f37d1800ef6bf54c9b14e0.resize-by-browser-width .dt-css-grid .wf-cell.double-width {\n    width: calc(25%)*2;\n  }\n}\n@media screen and (max-width: 991px) {\n  .gallery-shortcode.gallery-masonry-shortcode-id-6d45a9bd56f37d1800ef6bf54c9b14e0.resize-by-browser-width .dt-css-grid {\n    grid-template-columns: repeat(3,1fr);\n  }\n  .cssgridlegacy.no-cssgrid .gallery-shortcode.gallery-masonry-shortcode-id-6d45a9bd56f37d1800ef6bf54c9b14e0.resize-by-browser-width .dt-css-grid .wf-cell,\n  .no-cssgridlegacy.no-cssgrid .gallery-shortcode.gallery-masonry-shortcode-id-6d45a9bd56f37d1800ef6bf54c9b14e0.resize-by-browser-width .dt-css-grid .wf-cell {\n    width: 33.333333333333%;\n  }\n  .cssgridlegacy.no-cssgrid .gallery-shortcode.gallery-masonry-shortcode-id-6d45a9bd56f37d1800ef6bf54c9b14e0.resize-by-browser-width .dt-css-grid .wf-cell.double-width,\n  .no-cssgridlegacy.no-cssgrid .gallery-shortcode.gallery-masonry-shortcode-id-6d45a9bd56f37d1800ef6bf54c9b14e0.resize-by-browser-width .dt-css-grid .wf-cell.double-width {\n    width: calc(33.333333333333%)*2;\n  }\n}\n@media screen and (max-width: 767px) {\n  .gallery-shortcode.gallery-masonry-shortcode-id-6d45a9bd56f37d1800ef6bf54c9b14e0.resize-by-browser-width .dt-css-grid {\n    grid-template-columns: repeat(2,1fr);\n  }\n  .cssgridlegacy.no-cssgrid .gallery-shortcode.gallery-masonry-shortcode-id-6d45a9bd56f37d1800ef6bf54c9b14e0.resize-by-browser-width .dt-css-grid .wf-cell,\n  .no-cssgridlegacy.no-cssgrid .gallery-shortcode.gallery-masonry-shortcode-id-6d45a9bd56f37d1800ef6bf54c9b14e0.resize-by-browser-width .dt-css-grid .wf-cell {\n    width: 50%;\n  }\n  .cssgridlegacy.no-cssgrid .gallery-shortcode.gallery-masonry-shortcode-id-6d45a9bd56f37d1800ef6bf54c9b14e0.resize-by-browser-width .dt-css-grid .wf-cell.double-width,\n  .no-cssgridlegacy.no-cssgrid .gallery-shortcode.gallery-masonry-shortcode-id-6d45a9bd56f37d1800ef6bf54c9b14e0.resize-by-browser-width .dt-css-grid .wf-cell.double-width {\n    width: calc(50%)*2;\n  }\n}\n<\/style><div class=\"gallery-shortcode dt-gallery-container gallery-masonry-shortcode-id-6d45a9bd56f37d1800ef6bf54c9b14e0 mode-masonry jquery-filter dt-icon-bg-off quick-scale-img enable-bg-rollover resize-by-browser-width  hover-fade loading-effect-none description-on-hover\" data-padding=\"5px\" data-cur-page=\"1\" data-post-limit=\"-1\" data-pagination-mode=\"none\" data-desktop-columns-num=\"6\" data-v-tablet-columns-num=\"3\" data-h-tablet-columns-num=\"4\" data-phone-columns-num=\"2\" data-width=\"0px\" data-columns=\"0\"><div class=\"iso-container\" ><div class=\"wf-cell iso-item\" data-post-id=\"3826\" data-date=\"2019-10-18T10:33:06+02:00\" data-name=\"bsh\"><figure class=\"post visible\"><a href=\"https:\/\/www.velikaplanina.si\/wp-content\/uploads\/2019\/10\/LRM_EXPORT_136834638511386_20191016_112702382.jpeg\" class=\"rollover dt-pswp-item layzr-bg\" data-large_image_width=\"3648\" data-large_image_height=\"2736\" data-dt-img-description=\"\" title=\"bsh\"><img fetchpriority=\"high\" decoding=\"async\" class=\"preload-me iso-lazy-load aspect\" src=\"data:image\/svg+xml,%3Csvg%20xmlns%3D&#39;http%3A%2F%2Fwww.w3.org%2F2000%2Fsvg&#39;%20viewBox%3D&#39;0%200%20379%20284&#39;%2F%3E\" data-src=\"https:\/\/www.velikaplanina.si\/wp-content\/uploads\/2019\/10\/LRM_EXPORT_136834638511386_20191016_112702382-379x284.jpeg\" data-srcset=\"https:\/\/www.velikaplanina.si\/wp-content\/uploads\/2019\/10\/LRM_EXPORT_136834638511386_20191016_112702382-379x284.jpeg 379w, https:\/\/www.velikaplanina.si\/wp-content\/uploads\/2019\/10\/LRM_EXPORT_136834638511386_20191016_112702382-569x426.jpeg 569w\" loading=\"eager\" style=\"--ratio: 379 \/ 284\" sizes=\"(max-width: 379px) 100vw, 379px\" alt=\"\" width=\"379\" height=\"284\"  \/><span class=\"gallery-rollover\"><span class=\"gallery-zoom-ico icomoon-the7-font-the7-zoom-06\"><span><\/span><\/span><\/span><\/a><\/figure><\/div><div class=\"wf-cell iso-item\" data-post-id=\"3832\" data-date=\"2019-10-18T10:33:09+02:00\" data-name=\"LRM_EXPORT_136906146017105_20191016_112813889\"><figure class=\"post visible\"><a href=\"https:\/\/www.velikaplanina.si\/wp-content\/uploads\/2019\/10\/LRM_EXPORT_136906146017105_20191016_112813889.jpeg\" class=\"rollover dt-pswp-item layzr-bg\" data-large_image_width=\"3368\" data-large_image_height=\"2526\" data-dt-img-description=\"\" title=\"LRM_EXPORT_136906146017105_20191016_112813889\"><img decoding=\"async\" class=\"preload-me iso-lazy-load aspect\" src=\"data:image\/svg+xml,%3Csvg%20xmlns%3D&#39;http%3A%2F%2Fwww.w3.org%2F2000%2Fsvg&#39;%20viewBox%3D&#39;0%200%20379%20284&#39;%2F%3E\" data-src=\"https:\/\/www.velikaplanina.si\/wp-content\/uploads\/2019\/10\/LRM_EXPORT_136906146017105_20191016_112813889-379x284.jpeg\" data-srcset=\"https:\/\/www.velikaplanina.si\/wp-content\/uploads\/2019\/10\/LRM_EXPORT_136906146017105_20191016_112813889-379x284.jpeg 379w, https:\/\/www.velikaplanina.si\/wp-content\/uploads\/2019\/10\/LRM_EXPORT_136906146017105_20191016_112813889-569x426.jpeg 569w\" loading=\"eager\" style=\"--ratio: 379 \/ 284\" sizes=\"(max-width: 379px) 100vw, 379px\" alt=\"\" width=\"379\" height=\"284\"  \/><span class=\"gallery-rollover\"><span class=\"gallery-zoom-ico icomoon-the7-font-the7-zoom-06\"><span><\/span><\/span><\/span><\/a><\/figure><\/div><\/div><!-- iso-container|iso-grid --><\/div>[\/vc_column][\/vc_row][vc_row][vc_column][vc_btn title=&#8221;More about Kamni\u0161ka Bistrica valley&#8221; color=&#8221;success&#8221; link=&#8221;url:https%3A%2F%2Fwww.visitljubljana.com%2Fen%2Fpoi%2Fkamniska-bistrica-valley%2F|&#8221;][\/vc_column][\/vc_row]<\/p>\n<\/div>","protected":false},"excerpt":{"rendered":"<p>[vc_row][vc_column][vc_video link=&#8221;https:\/\/www.youtube.com\/watch?v=pObRSiKj7HE&#8221; align=&#8221;center&#8221; css_animation=&#8221;fadeIn&#8221;][\/vc_column][\/vc_row][vc_row][vc_column][vc_btn title=&#8221;MAP AND SIGHTS IN KAMNI\u0160KA BISTRICA VALLEY&#8221; style=&#8221;outline&#8221; shape=&#8221;square&#8221; color=&#8221;success&#8221; link=&#8221;url:http%3A%2F%2Fwww.velikaplanina.si%2Fwp-content%2Fuploads%2F2024%2F02%2FDediscina-zgornje-doline.pdf|&#8221;][vc_column_text] Sights in Kamni\u0161ka Bistrica valley Spring of Kamni\u0161ka Bistrica river The river Kamni\u0161ka Bistrica rises from three places, but the most known is its major source which is located near the\u00a0lodging house Dom in Kamni\u0161ka Bistrica. The water springs from&hellip;<\/p>\n","protected":false},"author":1,"featured_media":0,"parent":1493,"menu_order":2,"comment_status":"closed","ping_status":"closed","template":"","meta":{"footnotes":""},"class_list":["post-1494","page","type-page","status-publish","hentry","description-off"],"yoast_head":"<!-- This site is optimized with the Yoast SEO plugin v23.9 - https:\/\/yoast.com\/wordpress\/plugins\/seo\/ -->\n<title>Sights in Kamni\u0161ka Bistrica valley - Velika planina<\/title>\n<meta name=\"robots\" content=\"index, follow, max-snippet:-1, max-image-preview:large, max-video-preview:-1\" \/>\n<link rel=\"canonical\" href=\"https:\/\/www.velikaplanina.si\/en\/cultural-and-natural-sights\/sights-in-kamniska-bistrica-valley\/\" \/>\n<meta property=\"og:locale\" content=\"en_US\" \/>\n<meta property=\"og:type\" content=\"article\" \/>\n<meta property=\"og:title\" content=\"Sights in Kamni\u0161ka Bistrica valley - Velika planina\" \/>\n<meta property=\"og:description\" content=\"[vc_row][vc_column][vc_video link=&#8221;https:\/\/www.youtube.com\/watch?v=pObRSiKj7HE&#8221; align=&#8221;center&#8221; css_animation=&#8221;fadeIn&#8221;][\/vc_column][\/vc_row][vc_row][vc_column][vc_btn title=&#8221;MAP AND SIGHTS IN KAMNI\u0160KA BISTRICA VALLEY&#8221; style=&#8221;outline&#8221; shape=&#8221;square&#8221; color=&#8221;success&#8221; link=&#8221;url:http%3A%2F%2Fwww.velikaplanina.si%2Fwp-content%2Fuploads%2F2024%2F02%2FDediscina-zgornje-doline.pdf|&#8221;][vc_column_text] Sights in Kamni\u0161ka Bistrica valley Spring of Kamni\u0161ka Bistrica river The river Kamni\u0161ka Bistrica rises from three places, but the most known is its major source which is located near the\u00a0lodging house Dom in Kamni\u0161ka Bistrica. The water springs from&hellip;\" \/>\n<meta property=\"og:url\" content=\"https:\/\/www.velikaplanina.si\/en\/cultural-and-natural-sights\/sights-in-kamniska-bistrica-valley\/\" \/>\n<meta property=\"og:site_name\" content=\"Velika planina\" \/>\n<meta property=\"article:modified_time\" content=\"2024-02-27T10:45:43+00:00\" \/>\n<meta name=\"twitter:card\" content=\"summary_large_image\" \/>\n<meta name=\"twitter:label1\" content=\"Est. reading time\" \/>\n\t<meta name=\"twitter:data1\" content=\"2 minutes\" \/>\n<script type=\"application\/ld+json\" class=\"yoast-schema-graph\">{\"@context\":\"https:\/\/schema.org\",\"@graph\":[{\"@type\":\"WebPage\",\"@id\":\"https:\/\/www.velikaplanina.si\/en\/cultural-and-natural-sights\/sights-in-kamniska-bistrica-valley\/\",\"url\":\"https:\/\/www.velikaplanina.si\/en\/cultural-and-natural-sights\/sights-in-kamniska-bistrica-valley\/\",\"name\":\"Sights in Kamni\u0161ka Bistrica valley - Velika planina\",\"isPartOf\":{\"@id\":\"https:\/\/www.velikaplanina.si\/en\/#website\"},\"datePublished\":\"2019-05-12T22:15:15+00:00\",\"dateModified\":\"2024-02-27T10:45:43+00:00\",\"breadcrumb\":{\"@id\":\"https:\/\/www.velikaplanina.si\/en\/cultural-and-natural-sights\/sights-in-kamniska-bistrica-valley\/#breadcrumb\"},\"inLanguage\":\"en-US\",\"potentialAction\":[{\"@type\":\"ReadAction\",\"target\":[\"https:\/\/www.velikaplanina.si\/en\/cultural-and-natural-sights\/sights-in-kamniska-bistrica-valley\/\"]}]},{\"@type\":\"BreadcrumbList\",\"@id\":\"https:\/\/www.velikaplanina.si\/en\/cultural-and-natural-sights\/sights-in-kamniska-bistrica-valley\/#breadcrumb\",\"itemListElement\":[{\"@type\":\"ListItem\",\"position\":1,\"name\":\"Home\",\"item\":\"https:\/\/www.velikaplanina.si\/en\/\"},{\"@type\":\"ListItem\",\"position\":2,\"name\":\"Cultural and natural sights\",\"item\":\"https:\/\/www.velikaplanina.si\/en\/cultural-and-natural-sights\/\"},{\"@type\":\"ListItem\",\"position\":3,\"name\":\"Sights in Kamni\u0161ka Bistrica valley\"}]},{\"@type\":\"WebSite\",\"@id\":\"https:\/\/www.velikaplanina.si\/en\/#website\",\"url\":\"https:\/\/www.velikaplanina.si\/en\/\",\"name\":\"Velika planina\",\"description\":\"Velika planina - Feel what matters!\",\"potentialAction\":[{\"@type\":\"SearchAction\",\"target\":{\"@type\":\"EntryPoint\",\"urlTemplate\":\"https:\/\/www.velikaplanina.si\/en\/?s={search_term_string}\"},\"query-input\":{\"@type\":\"PropertyValueSpecification\",\"valueRequired\":true,\"valueName\":\"search_term_string\"}}],\"inLanguage\":\"en-US\"}]}<\/script>\n<!-- \/ Yoast SEO plugin. -->","yoast_head_json":{"title":"Sights in Kamni\u0161ka Bistrica valley - Velika planina","robots":{"index":"index","follow":"follow","max-snippet":"max-snippet:-1","max-image-preview":"max-image-preview:large","max-video-preview":"max-video-preview:-1"},"canonical":"https:\/\/www.velikaplanina.si\/en\/cultural-and-natural-sights\/sights-in-kamniska-bistrica-valley\/","og_locale":"en_US","og_type":"article","og_title":"Sights in Kamni\u0161ka Bistrica valley - Velika planina","og_description":"[vc_row][vc_column][vc_video link=&#8221;https:\/\/www.youtube.com\/watch?v=pObRSiKj7HE&#8221; align=&#8221;center&#8221; css_animation=&#8221;fadeIn&#8221;][\/vc_column][\/vc_row][vc_row][vc_column][vc_btn title=&#8221;MAP AND SIGHTS IN KAMNI\u0160KA BISTRICA VALLEY&#8221; style=&#8221;outline&#8221; shape=&#8221;square&#8221; color=&#8221;success&#8221; link=&#8221;url:http%3A%2F%2Fwww.velikaplanina.si%2Fwp-content%2Fuploads%2F2024%2F02%2FDediscina-zgornje-doline.pdf|&#8221;][vc_column_text] Sights in Kamni\u0161ka Bistrica valley Spring of Kamni\u0161ka Bistrica river The river Kamni\u0161ka Bistrica rises from three places, but the most known is its major source which is located near the\u00a0lodging house Dom in Kamni\u0161ka Bistrica. The water springs from&hellip;","og_url":"https:\/\/www.velikaplanina.si\/en\/cultural-and-natural-sights\/sights-in-kamniska-bistrica-valley\/","og_site_name":"Velika planina","article_modified_time":"2024-02-27T10:45:43+00:00","twitter_card":"summary_large_image","twitter_misc":{"Est. reading time":"2 minutes"},"schema":{"@context":"https:\/\/schema.org","@graph":[{"@type":"WebPage","@id":"https:\/\/www.velikaplanina.si\/en\/cultural-and-natural-sights\/sights-in-kamniska-bistrica-valley\/","url":"https:\/\/www.velikaplanina.si\/en\/cultural-and-natural-sights\/sights-in-kamniska-bistrica-valley\/","name":"Sights in Kamni\u0161ka Bistrica valley - Velika planina","isPartOf":{"@id":"https:\/\/www.velikaplanina.si\/en\/#website"},"datePublished":"2019-05-12T22:15:15+00:00","dateModified":"2024-02-27T10:45:43+00:00","breadcrumb":{"@id":"https:\/\/www.velikaplanina.si\/en\/cultural-and-natural-sights\/sights-in-kamniska-bistrica-valley\/#breadcrumb"},"inLanguage":"en-US","potentialAction":[{"@type":"ReadAction","target":["https:\/\/www.velikaplanina.si\/en\/cultural-and-natural-sights\/sights-in-kamniska-bistrica-valley\/"]}]},{"@type":"BreadcrumbList","@id":"https:\/\/www.velikaplanina.si\/en\/cultural-and-natural-sights\/sights-in-kamniska-bistrica-valley\/#breadcrumb","itemListElement":[{"@type":"ListItem","position":1,"name":"Home","item":"https:\/\/www.velikaplanina.si\/en\/"},{"@type":"ListItem","position":2,"name":"Cultural and natural sights","item":"https:\/\/www.velikaplanina.si\/en\/cultural-and-natural-sights\/"},{"@type":"ListItem","position":3,"name":"Sights in Kamni\u0161ka Bistrica valley"}]},{"@type":"WebSite","@id":"https:\/\/www.velikaplanina.si\/en\/#website","url":"https:\/\/www.velikaplanina.si\/en\/","name":"Velika planina","description":"Velika planina - Feel what matters!","potentialAction":[{"@type":"SearchAction","target":{"@type":"EntryPoint","urlTemplate":"https:\/\/www.velikaplanina.si\/en\/?s={search_term_string}"},"query-input":{"@type":"PropertyValueSpecification","valueRequired":true,"valueName":"search_term_string"}}],"inLanguage":"en-US"}]}},"_links":{"self":[{"href":"https:\/\/www.velikaplanina.si\/en\/wp-json\/wp\/v2\/pages\/1494","targetHints":{"allow":["GET"]}}],"collection":[{"href":"https:\/\/www.velikaplanina.si\/en\/wp-json\/wp\/v2\/pages"}],"about":[{"href":"https:\/\/www.velikaplanina.si\/en\/wp-json\/wp\/v2\/types\/page"}],"author":[{"embeddable":true,"href":"https:\/\/www.velikaplanina.si\/en\/wp-json\/wp\/v2\/users\/1"}],"replies":[{"embeddable":true,"href":"https:\/\/www.velikaplanina.si\/en\/wp-json\/wp\/v2\/comments?post=1494"}],"version-history":[{"count":15,"href":"https:\/\/www.velikaplanina.si\/en\/wp-json\/wp\/v2\/pages\/1494\/revisions"}],"predecessor-version":[{"id":15873,"href":"https:\/\/www.velikaplanina.si\/en\/wp-json\/wp\/v2\/pages\/1494\/revisions\/15873"}],"up":[{"embeddable":true,"href":"https:\/\/www.velikaplanina.si\/en\/wp-json\/wp\/v2\/pages\/1493"}],"wp:attachment":[{"href":"https:\/\/www.velikaplanina.si\/en\/wp-json\/wp\/v2\/media?parent=1494"}],"curies":[{"name":"wp","href":"https:\/\/api.w.org\/{rel}","templated":true}]}}