{"id":1539,"date":"2019-05-13T21:44:40","date_gmt":"2019-05-13T19:44:40","guid":{"rendered":"http:\/\/www.velikaplanina.si\/pricelist\/"},"modified":"2026-03-28T16:36:09","modified_gmt":"2026-03-28T15:36:09","slug":"pricelist","status":"publish","type":"page","link":"https:\/\/www.velikaplanina.si\/en\/pricelist\/","title":{"rendered":"TIMETABLE"},"content":{"rendered":"<div class=\"wpb-content-wrapper\"><p>[vc_row][vc_column][vc_separator][vc_column_text css=&#8221;&#8221;]<\/p>\n<h3>Cable car and chairlift timetable<\/h3>\n<p><strong>NIZKA SEZONA &#8211; Velja od 1.10. do 26.4. | <\/strong><strong>OFF-SEASON \u2013 Valid from 1.10. until 26.4. <\/strong><\/p>\n<table width=\"1020\">\n<tbody>\n<tr>\n<td width=\"133\"><strong>Dan\/day<\/strong><\/td>\n<td width=\"434\"><strong>NIHALKA<\/strong><strong>\u00a0\u00a0 CABLECAR<\/strong><\/td>\n<td width=\"453\"><strong>SEDE\u017dNICA<\/strong><strong> CHAIRLIFT<\/strong><\/td>\n<\/tr>\n<tr>\n<td width=\"133\">Ponedeljek Monday<\/td>\n<td width=\"434\">8:00, 9:00, 10:00, 12:00, 14:00, 16:00<\/td>\n<td width=\"453\">8:30; 9:30; 10:30; 11:30; 12:30; 13:30; 14:30; 15:30<\/p>\n<p>(Osemkrat dnevno\/ eight times a day)<\/td>\n<\/tr>\n<tr>\n<td width=\"133\">Torek Tuesday<\/td>\n<td width=\"434\">8:00, 9:00, 10:00, 12:00, 14:00, 16:00<\/td>\n<td width=\"453\">8:30; 9:30; 10:30; 11:30; 12:30; 13:30; 14:30; 15:30<\/p>\n<p>(Osemkrat dnevno\/ eight times a day)<\/td>\n<\/tr>\n<tr>\n<td width=\"133\">Sreda Wednesday<\/td>\n<td width=\"434\">8:00, 9:00, 10:00, 12:00, 14:00, 16:00<\/td>\n<td width=\"453\">8:30; 9:30; 10:30; 11:30; 12:30; 13:30; 14:30; 15:30<\/p>\n<p>(Osemkrat dnevno\/ eight times a day)<\/td>\n<\/tr>\n<tr>\n<td width=\"133\">\u010cetrtek Thursday<\/td>\n<td width=\"434\">8:00, 9:00, 10:00, 12:00, 14:00, 16:00<\/td>\n<td width=\"453\">8:30; 9:30; 10:30; 11:30; 12:30; 13:30; 14:30; 15:30<\/p>\n<p>(Osemkrat dnevno\/ eight times a day)<\/td>\n<\/tr>\n<tr>\n<td width=\"133\">Petek Friday<\/td>\n<td width=\"434\">8:00 \u2013 18:00<\/p>\n<p>(vsako polno uro\/every full hour)<\/td>\n<td width=\"453\">8:30 : 17:15<\/td>\n<\/tr>\n<tr>\n<td width=\"133\">Sobota Saturday<\/td>\n<td width=\"434\">8:00 \u2013 17:00<\/p>\n<p>(vsako polno uro\/every full hour)<\/td>\n<td width=\"453\">8:30 \u2013 16:15<\/td>\n<\/tr>\n<tr>\n<td width=\"133\">Nedelja<\/p>\n<p>Sunday<\/td>\n<td width=\"434\">8:00 \u2013 17:00<\/p>\n<p>(vsako polno uro\/every full hour)<\/td>\n<td width=\"453\">8:30 \u2013 16:15<\/td>\n<\/tr>\n<\/tbody>\n<\/table>\n<p><strong>\u00a0<\/strong><\/p>\n<p><strong>\u00a0<\/strong><\/p>\n<p>V \u010dasu praznikov, \u0161olskih po\u010ditnic in obratovanja smu\u010di\u0161\u010da, je vozni red enak nedeljskemu voznemu redu. Blagajna na spodnji postaji nihalke je odprta v \u010dasu obratovanja nihalke. \/ During national slovenian holidays, school holidays and skiing season, timetable is the same as on Sunday. Ticket office is open during cablecar operating.<\/p>\n<\/div>","protected":false},"excerpt":{"rendered":"<p>[vc_row][vc_column][vc_separator][vc_column_text css=&#8221;&#8221;] Cable car and chairlift timetable NIZKA SEZONA &#8211; Velja od 1.10. do 26.4. | OFF-SEASON \u2013 Valid from 1.10. until 26.4. Dan\/day NIHALKA\u00a0\u00a0 CABLECAR SEDE\u017dNICA CHAIRLIFT Ponedeljek Monday 8:00, 9:00, 10:00, 12:00, 14:00, 16:00 8:30; 9:30; 10:30; 11:30; 12:30; 13:30; 14:30; 15:30 (Osemkrat dnevno\/ eight times a day) Torek Tuesday 8:00, 9:00, 10:00,&hellip;<\/p>\n","protected":false},"author":1,"featured_media":0,"parent":0,"menu_order":6,"comment_status":"closed","ping_status":"closed","template":"","meta":{"footnotes":""},"class_list":["post-1539","page","type-page","status-publish","hentry","description-off"],"yoast_head":"<!-- This site is optimized with the Yoast SEO plugin v23.9 - https:\/\/yoast.com\/wordpress\/plugins\/seo\/ -->\n<title>TIMETABLE - Velika planina<\/title>\n<meta name=\"description\" content=\"Pricelist\" \/>\n<meta name=\"robots\" content=\"index, follow, max-snippet:-1, max-image-preview:large, max-video-preview:-1\" \/>\n<link rel=\"canonical\" href=\"https:\/\/www.velikaplanina.si\/en\/pricelist\/\" \/>\n<meta property=\"og:locale\" content=\"en_US\" \/>\n<meta property=\"og:type\" content=\"article\" \/>\n<meta property=\"og:title\" content=\"TIMETABLE - Velika planina\" \/>\n<meta property=\"og:description\" content=\"Pricelist\" \/>\n<meta property=\"og:url\" content=\"https:\/\/www.velikaplanina.si\/en\/pricelist\/\" \/>\n<meta property=\"og:site_name\" content=\"Velika planina\" \/>\n<meta property=\"article:modified_time\" content=\"2026-03-28T15:36:09+00:00\" \/>\n<meta name=\"twitter:card\" content=\"summary_large_image\" \/>\n<meta name=\"twitter:label1\" content=\"Est. reading time\" \/>\n\t<meta name=\"twitter:data1\" content=\"1 minute\" \/>\n<script type=\"application\/ld+json\" class=\"yoast-schema-graph\">{\"@context\":\"https:\/\/schema.org\",\"@graph\":[{\"@type\":\"WebPage\",\"@id\":\"https:\/\/www.velikaplanina.si\/en\/pricelist\/\",\"url\":\"https:\/\/www.velikaplanina.si\/en\/pricelist\/\",\"name\":\"TIMETABLE - Velika planina\",\"isPartOf\":{\"@id\":\"https:\/\/www.velikaplanina.si\/en\/#website\"},\"datePublished\":\"2019-05-13T19:44:40+00:00\",\"dateModified\":\"2026-03-28T15:36:09+00:00\",\"description\":\"Pricelist\",\"breadcrumb\":{\"@id\":\"https:\/\/www.velikaplanina.si\/en\/pricelist\/#breadcrumb\"},\"inLanguage\":\"en-US\",\"potentialAction\":[{\"@type\":\"ReadAction\",\"target\":[\"https:\/\/www.velikaplanina.si\/en\/pricelist\/\"]}]},{\"@type\":\"BreadcrumbList\",\"@id\":\"https:\/\/www.velikaplanina.si\/en\/pricelist\/#breadcrumb\",\"itemListElement\":[{\"@type\":\"ListItem\",\"position\":1,\"name\":\"Home\",\"item\":\"https:\/\/www.velikaplanina.si\/en\/\"},{\"@type\":\"ListItem\",\"position\":2,\"name\":\"TIMETABLE\"}]},{\"@type\":\"WebSite\",\"@id\":\"https:\/\/www.velikaplanina.si\/en\/#website\",\"url\":\"https:\/\/www.velikaplanina.si\/en\/\",\"name\":\"Velika planina\",\"description\":\"Velika planina - Feel what matters!\",\"potentialAction\":[{\"@type\":\"SearchAction\",\"target\":{\"@type\":\"EntryPoint\",\"urlTemplate\":\"https:\/\/www.velikaplanina.si\/en\/?s={search_term_string}\"},\"query-input\":{\"@type\":\"PropertyValueSpecification\",\"valueRequired\":true,\"valueName\":\"search_term_string\"}}],\"inLanguage\":\"en-US\"}]}<\/script>\n<!-- \/ Yoast SEO plugin. -->","yoast_head_json":{"title":"TIMETABLE - Velika planina","description":"Pricelist","robots":{"index":"index","follow":"follow","max-snippet":"max-snippet:-1","max-image-preview":"max-image-preview:large","max-video-preview":"max-video-preview:-1"},"canonical":"https:\/\/www.velikaplanina.si\/en\/pricelist\/","og_locale":"en_US","og_type":"article","og_title":"TIMETABLE - Velika planina","og_description":"Pricelist","og_url":"https:\/\/www.velikaplanina.si\/en\/pricelist\/","og_site_name":"Velika planina","article_modified_time":"2026-03-28T15:36:09+00:00","twitter_card":"summary_large_image","twitter_misc":{"Est. reading time":"1 minute"},"schema":{"@context":"https:\/\/schema.org","@graph":[{"@type":"WebPage","@id":"https:\/\/www.velikaplanina.si\/en\/pricelist\/","url":"https:\/\/www.velikaplanina.si\/en\/pricelist\/","name":"TIMETABLE - Velika planina","isPartOf":{"@id":"https:\/\/www.velikaplanina.si\/en\/#website"},"datePublished":"2019-05-13T19:44:40+00:00","dateModified":"2026-03-28T15:36:09+00:00","description":"Pricelist","breadcrumb":{"@id":"https:\/\/www.velikaplanina.si\/en\/pricelist\/#breadcrumb"},"inLanguage":"en-US","potentialAction":[{"@type":"ReadAction","target":["https:\/\/www.velikaplanina.si\/en\/pricelist\/"]}]},{"@type":"BreadcrumbList","@id":"https:\/\/www.velikaplanina.si\/en\/pricelist\/#breadcrumb","itemListElement":[{"@type":"ListItem","position":1,"name":"Home","item":"https:\/\/www.velikaplanina.si\/en\/"},{"@type":"ListItem","position":2,"name":"TIMETABLE"}]},{"@type":"WebSite","@id":"https:\/\/www.velikaplanina.si\/en\/#website","url":"https:\/\/www.velikaplanina.si\/en\/","name":"Velika planina","description":"Velika planina - Feel what matters!","potentialAction":[{"@type":"SearchAction","target":{"@type":"EntryPoint","urlTemplate":"https:\/\/www.velikaplanina.si\/en\/?s={search_term_string}"},"query-input":{"@type":"PropertyValueSpecification","valueRequired":true,"valueName":"search_term_string"}}],"inLanguage":"en-US"}]}},"_links":{"self":[{"href":"https:\/\/www.velikaplanina.si\/en\/wp-json\/wp\/v2\/pages\/1539","targetHints":{"allow":["GET"]}}],"collection":[{"href":"https:\/\/www.velikaplanina.si\/en\/wp-json\/wp\/v2\/pages"}],"about":[{"href":"https:\/\/www.velikaplanina.si\/en\/wp-json\/wp\/v2\/types\/page"}],"author":[{"embeddable":true,"href":"https:\/\/www.velikaplanina.si\/en\/wp-json\/wp\/v2\/users\/1"}],"replies":[{"embeddable":true,"href":"https:\/\/www.velikaplanina.si\/en\/wp-json\/wp\/v2\/comments?post=1539"}],"version-history":[{"count":318,"href":"https:\/\/www.velikaplanina.si\/en\/wp-json\/wp\/v2\/pages\/1539\/revisions"}],"predecessor-version":[{"id":22582,"href":"https:\/\/www.velikaplanina.si\/en\/wp-json\/wp\/v2\/pages\/1539\/revisions\/22582"}],"wp:attachment":[{"href":"https:\/\/www.velikaplanina.si\/en\/wp-json\/wp\/v2\/media?parent=1539"}],"curies":[{"name":"wp","href":"https:\/\/api.w.org\/{rel}","templated":true}]}}