{"id":21234,"date":"2023-09-14T11:34:13","date_gmt":"2023-09-14T09:34:13","guid":{"rendered":"https:\/\/www.velikaplanina.si\/activities\/summer-activities\/fly-tandem-paragliding-experience\/"},"modified":"2025-08-01T14:35:59","modified_gmt":"2025-08-01T12:35:59","slug":"fly-tandem-paragliding-experience","status":"publish","type":"page","link":"https:\/\/www.velikaplanina.si\/en\/activities\/summer-activities\/fly-tandem-paragliding-experience\/","title":{"rendered":"Fly Tandem \u2013 Paragliding Experience"},"content":{"rendered":"\n<figure class=\"wp-block-gallery has-nested-images columns-default is-cropped wp-block-gallery-1 is-layout-flex wp-block-gallery-is-layout-flex\"><\/figure>\n\n\n\n<h3 class=\"wp-block-heading\"><\/h3>\n\n\n\n<p><p data-start=\"44\" data-end=\"232\"><strong data-start=\"44\" data-end=\"137\">Join us for an unforgettable adventure \u2013 a tandem paragliding flight from Velika Planina!<\/strong><br data-start=\"137\" data-end=\"140\"\/>We take off near Gradi\u0161\u010de and land in the stunning Kamni\u0161ka Bistrica valley (\u017dupanje njive).<\/p>&#13;\n\u00a0<\/p>\n\n\n\n<p>The flight is conducted by experienced instructors, so no prior experience is needed \u2013 just a bit of courage and a desire to feel free among the clouds!<\/p>\n\n\n\n<p><\/p>\n\n\n\n<h3 class=\"wp-block-heading\">Ready to Fly? Here\u2019s What You\u2019ll Need!<\/h3>\n\n\n\n<ul class=\"wp-block-list\">\n<li>Sportswear<\/li>\n\n\n\n<li>Comfortable and sport\/hiking shoes<\/li>\n<\/ul>\n\n\n\n<p>Before the flight, your instructor will thoroughly prepare you \u2013 explaining the take-off and landing procedure so you can relax and fully enjoy this incredible experience.<\/p>\n\n\n\n<p><strong>PRICE: <\/strong>180 \u20ac \/ flight \/ person<\/p>\n\n\n\n<p>\ud83e\ude82 The flight lasts between 20 and 30 minutes.<\/p>\n\n\n\n<p><\/p>\n\n\n\n<h3 class=\"wp-block-heading\">Included in price:<\/h3>\n\n\n\n<p>\u2714\ufe0f <strong data-start=\"34\" data-end=\"63\">Tandem paragliding flight<\/strong><br data-start=\"63\" data-end=\"66\" data-is-only-node=\"\">\u2714\ufe0f <strong data-start=\"69\" data-end=\"95\">Protective gear rental<\/strong><br data-start=\"95\" data-end=\"98\">\u2714\ufe0f <strong data-start=\"101\" data-end=\"190\" data-is-last-node=\"\">Transport from the landing site back to your vehicle (at the cable car lower station)<\/strong><\/p>\n\n\n\n<p><\/p>\n\n\n\n<p>\ud83d\udce9 <strong data-start=\"29\" data-end=\"75\">Want to book your flight? Get in touch at:<\/strong><br data-start=\"75\" data-end=\"78\" data-is-only-node=\"\">\ud83d\udce7 <strong data-start=\"81\" data-end=\"112\" data-is-last-node=\"\"><a class=\"cursor-pointer\" rel=\"noopener\" data-start=\"83\" data-end=\"110\">tomaz.goldenratio@gmail.com<\/a><\/strong><\/p>\n\n\n\n<p>After receiving your inquiry, our instructor will contact you, send you an offer, and coordinate all the details with you.<\/p>\n\n\n\n<p>Ready to fly? \ud83e\ude82 Velika Planina is waiting for you!<\/p>\n\n\n\n<figure class=\"wp-block-gallery has-nested-images columns-default is-cropped wp-block-gallery-2 is-layout-flex wp-block-gallery-is-layout-flex\">\n<figure class=\"wp-block-image size-large\"><img loading=\"lazy\" decoding=\"async\" width=\"1280\" height=\"853\" data-id=\"21202\" src=\"https:\/\/www.velikaplanina.si\/wp-content\/uploads\/2025\/08\/IMG_1646-1280x853.jpg\" alt=\"\" class=\"wp-image-21202\" srcset=\"https:\/\/www.velikaplanina.si\/wp-content\/uploads\/2025\/08\/IMG_1646-1280x853.jpg 1280w, https:\/\/www.velikaplanina.si\/wp-content\/uploads\/2025\/08\/IMG_1646-640x427.jpg 640w, https:\/\/www.velikaplanina.si\/wp-content\/uploads\/2025\/08\/IMG_1646-768x512.jpg 768w, https:\/\/www.velikaplanina.si\/wp-content\/uploads\/2025\/08\/IMG_1646-1536x1024.jpg 1536w, https:\/\/www.velikaplanina.si\/wp-content\/uploads\/2025\/08\/IMG_1646-2048x1365.jpg 2048w\" sizes=\"auto, (max-width: 1280px) 100vw, 1280px\" \/><\/figure>\n\n\n\n<figure class=\"wp-block-image size-large\"><img loading=\"lazy\" decoding=\"async\" width=\"1280\" height=\"853\" data-id=\"21196\" src=\"https:\/\/www.velikaplanina.si\/wp-content\/uploads\/2025\/08\/IMG_1640-1280x853.jpg\" alt=\"\" class=\"wp-image-21196\" srcset=\"https:\/\/www.velikaplanina.si\/wp-content\/uploads\/2025\/08\/IMG_1640-1280x853.jpg 1280w, https:\/\/www.velikaplanina.si\/wp-content\/uploads\/2025\/08\/IMG_1640-640x427.jpg 640w, https:\/\/www.velikaplanina.si\/wp-content\/uploads\/2025\/08\/IMG_1640-768x512.jpg 768w, https:\/\/www.velikaplanina.si\/wp-content\/uploads\/2025\/08\/IMG_1640-1536x1024.jpg 1536w, https:\/\/www.velikaplanina.si\/wp-content\/uploads\/2025\/08\/IMG_1640-2048x1365.jpg 2048w\" sizes=\"auto, (max-width: 1280px) 100vw, 1280px\" \/><\/figure>\n\n\n\n<figure class=\"wp-block-image size-large\"><img loading=\"lazy\" decoding=\"async\" width=\"1280\" height=\"853\" data-id=\"21190\" src=\"https:\/\/www.velikaplanina.si\/wp-content\/uploads\/2025\/08\/IMG_1638-1280x853.jpg\" alt=\"\" class=\"wp-image-21190\" srcset=\"https:\/\/www.velikaplanina.si\/wp-content\/uploads\/2025\/08\/IMG_1638-1280x853.jpg 1280w, https:\/\/www.velikaplanina.si\/wp-content\/uploads\/2025\/08\/IMG_1638-640x427.jpg 640w, https:\/\/www.velikaplanina.si\/wp-content\/uploads\/2025\/08\/IMG_1638-768x512.jpg 768w, https:\/\/www.velikaplanina.si\/wp-content\/uploads\/2025\/08\/IMG_1638-1536x1024.jpg 1536w, https:\/\/www.velikaplanina.si\/wp-content\/uploads\/2025\/08\/IMG_1638-2048x1365.jpg 2048w\" sizes=\"auto, (max-width: 1280px) 100vw, 1280px\" \/><\/figure>\n\n\n\n<figure class=\"wp-block-image size-large\"><img loading=\"lazy\" decoding=\"async\" width=\"1280\" height=\"1707\" data-id=\"21211\" src=\"https:\/\/www.velikaplanina.si\/wp-content\/uploads\/2025\/08\/s1-1280x1707.jpg\" alt=\"\" class=\"wp-image-21211\" srcset=\"https:\/\/www.velikaplanina.si\/wp-content\/uploads\/2025\/08\/s1-1280x1707.jpg 1280w, https:\/\/www.velikaplanina.si\/wp-content\/uploads\/2025\/08\/s1-640x853.jpg 640w, https:\/\/www.velikaplanina.si\/wp-content\/uploads\/2025\/08\/s1-768x1024.jpg 768w, https:\/\/www.velikaplanina.si\/wp-content\/uploads\/2025\/08\/s1-1152x1536.jpg 1152w, https:\/\/www.velikaplanina.si\/wp-content\/uploads\/2025\/08\/s1-1536x2048.jpg 1536w, https:\/\/www.velikaplanina.si\/wp-content\/uploads\/2025\/08\/s1-scaled.jpg 1920w\" sizes=\"auto, (max-width: 1280px) 100vw, 1280px\" \/><\/figure>\n\n\n\n<figure class=\"wp-block-image size-large\"><img loading=\"lazy\" decoding=\"async\" width=\"1280\" height=\"960\" data-id=\"21218\" src=\"https:\/\/www.velikaplanina.si\/wp-content\/uploads\/2025\/08\/s2-1280x960.jpg\" alt=\"\" class=\"wp-image-21218\" srcset=\"https:\/\/www.velikaplanina.si\/wp-content\/uploads\/2025\/08\/s2-1280x960.jpg 1280w, https:\/\/www.velikaplanina.si\/wp-content\/uploads\/2025\/08\/s2-640x480.jpg 640w, https:\/\/www.velikaplanina.si\/wp-content\/uploads\/2025\/08\/s2-768x576.jpg 768w, https:\/\/www.velikaplanina.si\/wp-content\/uploads\/2025\/08\/s2-1536x1152.jpg 1536w, https:\/\/www.velikaplanina.si\/wp-content\/uploads\/2025\/08\/s2-2048x1536.jpg 2048w\" sizes=\"auto, (max-width: 1280px) 100vw, 1280px\" \/><\/figure>\n\n\n\n<figure class=\"wp-block-image size-large\"><img loading=\"lazy\" decoding=\"async\" width=\"1280\" height=\"960\" data-id=\"21224\" src=\"https:\/\/www.velikaplanina.si\/wp-content\/uploads\/2025\/08\/s3-1280x960.jpg\" alt=\"\" class=\"wp-image-21224\" srcset=\"https:\/\/www.velikaplanina.si\/wp-content\/uploads\/2025\/08\/s3-1280x960.jpg 1280w, https:\/\/www.velikaplanina.si\/wp-content\/uploads\/2025\/08\/s3-640x480.jpg 640w, https:\/\/www.velikaplanina.si\/wp-content\/uploads\/2025\/08\/s3-768x576.jpg 768w, https:\/\/www.velikaplanina.si\/wp-content\/uploads\/2025\/08\/s3-1536x1152.jpg 1536w, https:\/\/www.velikaplanina.si\/wp-content\/uploads\/2025\/08\/s3-2048x1536.jpg 2048w\" sizes=\"auto, (max-width: 1280px) 100vw, 1280px\" \/><\/figure>\n<\/figure>\n","protected":false},"excerpt":{"rendered":"<p>Join us for an unforgettable adventure \u2013 a tandem paragliding flight from Velika Planina!We take off near Gradi\u0161\u010de and land in the stunning Kamni\u0161ka Bistrica valley (\u017dupanje njive). &#13; \u00a0 The flight is conducted by experienced instructors, so no prior experience is needed \u2013 just a bit of courage and a desire to feel free&hellip;<\/p>\n","protected":false},"author":2,"featured_media":0,"parent":1427,"menu_order":0,"comment_status":"closed","ping_status":"closed","template":"","meta":{"footnotes":""},"class_list":["post-21234","page","type-page","status-publish","hentry","description-off"],"yoast_head":"<!-- This site is optimized with the Yoast SEO plugin v23.9 - https:\/\/yoast.com\/wordpress\/plugins\/seo\/ -->\n<title>Fly Tandem \u2013 Paragliding Experience - Velika planina<\/title>\n<meta name=\"robots\" content=\"index, follow, max-snippet:-1, max-image-preview:large, max-video-preview:-1\" \/>\n<link rel=\"canonical\" href=\"https:\/\/www.velikaplanina.si\/en\/activities\/summer-activities\/fly-tandem-paragliding-experience\/\" \/>\n<meta property=\"og:locale\" content=\"en_US\" \/>\n<meta property=\"og:type\" content=\"article\" \/>\n<meta property=\"og:title\" content=\"Fly Tandem \u2013 Paragliding Experience - Velika planina\" \/>\n<meta property=\"og:description\" content=\"Join us for an unforgettable adventure \u2013 a tandem paragliding flight from Velika Planina!We take off near Gradi\u0161\u010de and land in the stunning Kamni\u0161ka Bistrica valley (\u017dupanje njive). &#013; \u00a0 The flight is conducted by experienced instructors, so no prior experience is needed \u2013 just a bit of courage and a desire to feel free&hellip;\" \/>\n<meta property=\"og:url\" content=\"https:\/\/www.velikaplanina.si\/en\/activities\/summer-activities\/fly-tandem-paragliding-experience\/\" \/>\n<meta property=\"og:site_name\" content=\"Velika planina\" \/>\n<meta property=\"article:modified_time\" content=\"2025-08-01T12:35:59+00:00\" \/>\n<meta property=\"og:image\" content=\"https:\/\/www.velikaplanina.si\/wp-content\/uploads\/2025\/08\/IMG_1646-scaled.jpg\" \/>\n\t<meta property=\"og:image:width\" content=\"2560\" \/>\n\t<meta property=\"og:image:height\" content=\"1707\" \/>\n\t<meta property=\"og:image:type\" content=\"image\/jpeg\" \/>\n<meta name=\"twitter:card\" content=\"summary_large_image\" \/>\n<meta name=\"twitter:label1\" content=\"Est. reading time\" \/>\n\t<meta name=\"twitter:data1\" content=\"2 minutes\" \/>\n<script type=\"application\/ld+json\" class=\"yoast-schema-graph\">{\"@context\":\"https:\/\/schema.org\",\"@graph\":[{\"@type\":\"WebPage\",\"@id\":\"https:\/\/www.velikaplanina.si\/en\/activities\/summer-activities\/fly-tandem-paragliding-experience\/\",\"url\":\"https:\/\/www.velikaplanina.si\/en\/activities\/summer-activities\/fly-tandem-paragliding-experience\/\",\"name\":\"Fly Tandem \u2013 Paragliding Experience - Velika planina\",\"isPartOf\":{\"@id\":\"https:\/\/www.velikaplanina.si\/en\/#website\"},\"primaryImageOfPage\":{\"@id\":\"https:\/\/www.velikaplanina.si\/en\/activities\/summer-activities\/fly-tandem-paragliding-experience\/#primaryimage\"},\"image\":{\"@id\":\"https:\/\/www.velikaplanina.si\/en\/activities\/summer-activities\/fly-tandem-paragliding-experience\/#primaryimage\"},\"thumbnailUrl\":\"https:\/\/www.velikaplanina.si\/wp-content\/uploads\/2025\/08\/IMG_1646-1280x853.jpg\",\"datePublished\":\"2023-09-14T09:34:13+00:00\",\"dateModified\":\"2025-08-01T12:35:59+00:00\",\"breadcrumb\":{\"@id\":\"https:\/\/www.velikaplanina.si\/en\/activities\/summer-activities\/fly-tandem-paragliding-experience\/#breadcrumb\"},\"inLanguage\":\"en-US\",\"potentialAction\":[{\"@type\":\"ReadAction\",\"target\":[\"https:\/\/www.velikaplanina.si\/en\/activities\/summer-activities\/fly-tandem-paragliding-experience\/\"]}]},{\"@type\":\"ImageObject\",\"inLanguage\":\"en-US\",\"@id\":\"https:\/\/www.velikaplanina.si\/en\/activities\/summer-activities\/fly-tandem-paragliding-experience\/#primaryimage\",\"url\":\"https:\/\/www.velikaplanina.si\/wp-content\/uploads\/2025\/08\/IMG_1646-1280x853.jpg\",\"contentUrl\":\"https:\/\/www.velikaplanina.si\/wp-content\/uploads\/2025\/08\/IMG_1646-1280x853.jpg\"},{\"@type\":\"BreadcrumbList\",\"@id\":\"https:\/\/www.velikaplanina.si\/en\/activities\/summer-activities\/fly-tandem-paragliding-experience\/#breadcrumb\",\"itemListElement\":[{\"@type\":\"ListItem\",\"position\":1,\"name\":\"Home\",\"item\":\"https:\/\/www.velikaplanina.si\/en\/\"},{\"@type\":\"ListItem\",\"position\":2,\"name\":\"Activities\",\"item\":\"https:\/\/www.velikaplanina.si\/en\/activities\/\"},{\"@type\":\"ListItem\",\"position\":3,\"name\":\"Summer activities\",\"item\":\"https:\/\/www.velikaplanina.si\/en\/activities\/summer-activities\/\"},{\"@type\":\"ListItem\",\"position\":4,\"name\":\"Fly Tandem \u2013 Paragliding Experience\"}]},{\"@type\":\"WebSite\",\"@id\":\"https:\/\/www.velikaplanina.si\/en\/#website\",\"url\":\"https:\/\/www.velikaplanina.si\/en\/\",\"name\":\"Velika planina\",\"description\":\"Velika planina - Feel what matters!\",\"potentialAction\":[{\"@type\":\"SearchAction\",\"target\":{\"@type\":\"EntryPoint\",\"urlTemplate\":\"https:\/\/www.velikaplanina.si\/en\/?s={search_term_string}\"},\"query-input\":{\"@type\":\"PropertyValueSpecification\",\"valueRequired\":true,\"valueName\":\"search_term_string\"}}],\"inLanguage\":\"en-US\"}]}<\/script>\n<!-- \/ Yoast SEO plugin. -->","yoast_head_json":{"title":"Fly Tandem \u2013 Paragliding Experience - Velika planina","robots":{"index":"index","follow":"follow","max-snippet":"max-snippet:-1","max-image-preview":"max-image-preview:large","max-video-preview":"max-video-preview:-1"},"canonical":"https:\/\/www.velikaplanina.si\/en\/activities\/summer-activities\/fly-tandem-paragliding-experience\/","og_locale":"en_US","og_type":"article","og_title":"Fly Tandem \u2013 Paragliding Experience - Velika planina","og_description":"Join us for an unforgettable adventure \u2013 a tandem paragliding flight from Velika Planina!We take off near Gradi\u0161\u010de and land in the stunning Kamni\u0161ka Bistrica valley (\u017dupanje njive). &#13; \u00a0 The flight is conducted by experienced instructors, so no prior experience is needed \u2013 just a bit of courage and a desire to feel free&hellip;","og_url":"https:\/\/www.velikaplanina.si\/en\/activities\/summer-activities\/fly-tandem-paragliding-experience\/","og_site_name":"Velika planina","article_modified_time":"2025-08-01T12:35:59+00:00","og_image":[{"width":2560,"height":1707,"url":"https:\/\/www.velikaplanina.si\/wp-content\/uploads\/2025\/08\/IMG_1646-scaled.jpg","type":"image\/jpeg"}],"twitter_card":"summary_large_image","twitter_misc":{"Est. reading time":"2 minutes"},"schema":{"@context":"https:\/\/schema.org","@graph":[{"@type":"WebPage","@id":"https:\/\/www.velikaplanina.si\/en\/activities\/summer-activities\/fly-tandem-paragliding-experience\/","url":"https:\/\/www.velikaplanina.si\/en\/activities\/summer-activities\/fly-tandem-paragliding-experience\/","name":"Fly Tandem \u2013 Paragliding Experience - Velika planina","isPartOf":{"@id":"https:\/\/www.velikaplanina.si\/en\/#website"},"primaryImageOfPage":{"@id":"https:\/\/www.velikaplanina.si\/en\/activities\/summer-activities\/fly-tandem-paragliding-experience\/#primaryimage"},"image":{"@id":"https:\/\/www.velikaplanina.si\/en\/activities\/summer-activities\/fly-tandem-paragliding-experience\/#primaryimage"},"thumbnailUrl":"https:\/\/www.velikaplanina.si\/wp-content\/uploads\/2025\/08\/IMG_1646-1280x853.jpg","datePublished":"2023-09-14T09:34:13+00:00","dateModified":"2025-08-01T12:35:59+00:00","breadcrumb":{"@id":"https:\/\/www.velikaplanina.si\/en\/activities\/summer-activities\/fly-tandem-paragliding-experience\/#breadcrumb"},"inLanguage":"en-US","potentialAction":[{"@type":"ReadAction","target":["https:\/\/www.velikaplanina.si\/en\/activities\/summer-activities\/fly-tandem-paragliding-experience\/"]}]},{"@type":"ImageObject","inLanguage":"en-US","@id":"https:\/\/www.velikaplanina.si\/en\/activities\/summer-activities\/fly-tandem-paragliding-experience\/#primaryimage","url":"https:\/\/www.velikaplanina.si\/wp-content\/uploads\/2025\/08\/IMG_1646-1280x853.jpg","contentUrl":"https:\/\/www.velikaplanina.si\/wp-content\/uploads\/2025\/08\/IMG_1646-1280x853.jpg"},{"@type":"BreadcrumbList","@id":"https:\/\/www.velikaplanina.si\/en\/activities\/summer-activities\/fly-tandem-paragliding-experience\/#breadcrumb","itemListElement":[{"@type":"ListItem","position":1,"name":"Home","item":"https:\/\/www.velikaplanina.si\/en\/"},{"@type":"ListItem","position":2,"name":"Activities","item":"https:\/\/www.velikaplanina.si\/en\/activities\/"},{"@type":"ListItem","position":3,"name":"Summer activities","item":"https:\/\/www.velikaplanina.si\/en\/activities\/summer-activities\/"},{"@type":"ListItem","position":4,"name":"Fly Tandem \u2013 Paragliding Experience"}]},{"@type":"WebSite","@id":"https:\/\/www.velikaplanina.si\/en\/#website","url":"https:\/\/www.velikaplanina.si\/en\/","name":"Velika planina","description":"Velika planina - Feel what matters!","potentialAction":[{"@type":"SearchAction","target":{"@type":"EntryPoint","urlTemplate":"https:\/\/www.velikaplanina.si\/en\/?s={search_term_string}"},"query-input":{"@type":"PropertyValueSpecification","valueRequired":true,"valueName":"search_term_string"}}],"inLanguage":"en-US"}]}},"_links":{"self":[{"href":"https:\/\/www.velikaplanina.si\/en\/wp-json\/wp\/v2\/pages\/21234","targetHints":{"allow":["GET"]}}],"collection":[{"href":"https:\/\/www.velikaplanina.si\/en\/wp-json\/wp\/v2\/pages"}],"about":[{"href":"https:\/\/www.velikaplanina.si\/en\/wp-json\/wp\/v2\/types\/page"}],"author":[{"embeddable":true,"href":"https:\/\/www.velikaplanina.si\/en\/wp-json\/wp\/v2\/users\/2"}],"replies":[{"embeddable":true,"href":"https:\/\/www.velikaplanina.si\/en\/wp-json\/wp\/v2\/comments?post=21234"}],"version-history":[{"count":3,"href":"https:\/\/www.velikaplanina.si\/en\/wp-json\/wp\/v2\/pages\/21234\/revisions"}],"predecessor-version":[{"id":21240,"href":"https:\/\/www.velikaplanina.si\/en\/wp-json\/wp\/v2\/pages\/21234\/revisions\/21240"}],"up":[{"embeddable":true,"href":"https:\/\/www.velikaplanina.si\/en\/wp-json\/wp\/v2\/pages\/1427"}],"wp:attachment":[{"href":"https:\/\/www.velikaplanina.si\/en\/wp-json\/wp\/v2\/media?parent=21234"}],"curies":[{"name":"wp","href":"https:\/\/api.w.org\/{rel}","templated":true}]}}